{"id":3641,"date":"2018-07-30T08:56:54","date_gmt":"2018-07-30T06:56:54","guid":{"rendered":"http:\/\/blog.higarnovias.com\/en\/aviso-legal\/"},"modified":"2018-07-30T09:32:22","modified_gmt":"2018-07-30T07:32:22","slug":"legal-notice-5-2","status":"publish","type":"page","link":"https:\/\/blog.higarnovias.com\/en\/legal-notice-5-2\/","title":{"rendered":"Legal notice [es]"},"content":{"rendered":"<p style=\"text-align: justify;\"><strong>Informaci\u00f3n general.<\/strong><\/p>\n<p style=\"text-align: justify;\">Este sitio web (<a href=\"http:\/\/blog.higarnovias.com\/\">blog.higarnovias.com<\/a>), es propiedad de la Empresa Higar Moda, S.L., con NIF B-14326490 y domicilio en la Calle Portales, 31, 14120 de Fuente Palmera y correo electr\u00f3nico info@higarnovias.com<br \/>\n<a href=\"http:\/\/blog.higarnovias.com\/\">blog.higarnovias.com<\/a> es un sitio web cuyo fin es prestar informaci\u00f3n sobre la actividad y servicios de la anteriormente referida empresa.<br \/>\nCon la presente web Higar Moda quiere prestar un servicio \u00fatil a sus clientes y, en general, a todos los usuarios de la misma, estando interesado en recibir todas las sugerencias que pudieran contribuir a mejorar sus contenidos. No obstante, si no estuviese de acuerdo con alguna de las condiciones contenidas en este aviso, le rogamos deje de utilizar la presente p\u00e1gina web. El acceso a la misma implica la aceptaci\u00f3n de todas las condiciones sin reservas. La utilizaci\u00f3n de determinados servicios ofrecidos en este sitio se regir\u00e1, adem\u00e1s, por las condiciones particulares previstas en cada caso, las cuales se entender\u00e1n aceptadas por el mero uso de tales servicios.<br \/>\nEl usuario se compromete a hacer un uso l\u00edcito de la presente web y de su contenido, de conformidad con el ordenamiento jur\u00eddico aplicable y las presentes Condiciones Generales de Uso.<\/p>\n<p style=\"text-align: justify;\">Condiciones Generales de uso:<br \/>\nEl usuario de la presente web, no podr\u00e1, en ning\u00fan caso:<\/p>\n<ul>\n<li style=\"text-align: justify;\">Hacer un uso no autorizado o fraudulento de la presente web o de sus contenidos, con fines il\u00edcitos o prohibidos en estas Condiciones Generales, lesivos de derechos de terceros, o que de cualquier forma puedan producir da\u00f1os o perjuicios en un equipo inform\u00e1tico.<\/li>\n<li>Causar da\u00f1os en los sistemas f\u00edsicos o l\u00f3gicos de <a href=\"http:\/\/blog.higarnovias.com\/\">blog.higarnovias.com<\/a>, de sus proveedores o de terceros.<\/li>\n<li>Introducir o propagar en la red virus inform\u00e1ticos o cualesquiera otros sistemas f\u00edsicos o l\u00f3gicos que sean susceptibles de provocar da\u00f1os en los sistemas f\u00edsicos o l\u00f3gicos de \u201cel administrador\u201d, de sus proveedores o de terceros.<\/li>\n<li>Intentar acceder, manejar y\/o manipular los datos de <a href=\"http:\/\/blog.higarnovias.com\/\">blog.higarnovias.com<\/a>, terceros proveedores y otros usuarios.<\/li>\n<li>Reproducir o copiar, distribuir, permitir el acceso del p\u00fablico a trav\u00e9s de cualquier modalidad de comunicaci\u00f3n p\u00fablica, transformar o modificar los contenidos, a menos que se cuente con la autorizaci\u00f3n del titular de los correspondientes derechos o ello resulte legalmente permitido.<\/li>\n<li>Suprimir, ocultar o manipular las notas sobre derechos de propiedad intelectual o industrial y dem\u00e1s datos identificativos de los derechos de <a href=\"http:\/\/blog.higarnovias.com\/\">blog.higarnovias.com<\/a> o de terceros incorporados a los contenidos, as\u00ed como los dispositivos t\u00e9cnicos de protecci\u00f3n o cualesquiera mecanismos de informaci\u00f3n que puedan insertarse en los contenidos<\/li>\n<li>Obtener e intentar obtener los contenidos empleando para ello medios o procedimientos distintos de los que, seg\u00fan los casos, se hayan puesto a su disposici\u00f3n a este efecto o se hayan indicado expresamente en las p\u00e1ginas Web donde se encuentren los contenidos o, en general, de los que se empleen habitualmente en Internet por no entra\u00f1ar un riesgo de da\u00f1o o inutilizaci\u00f3n del sitio Web y\/o de los contenidos.<\/li>\n<\/ul>\n<p>Higar Moda se reserva el derecho a ejercer cuantas acciones est\u00e9n disponibles en derecho para exigir las responsabilidades que se deriven del incumplimiento de cualquiera de las disposiciones de estas Condiciones Generales de Uso de la presente web por parte de un usuario.<\/p>\n<p style=\"text-align: justify;\"><strong>Propiedad intelectual.<\/strong><br \/>\nSalvo indicaci\u00f3n expresa, el contenido de la presente web, im\u00e1genes, textos y datos, son propiedad de Higar Moda. Asimismo, es propiedad de Higar Moda su c\u00f3digo fuente, dise\u00f1o y estructura de navegaci\u00f3n. Corresponde al Higar Moda el ejercicio exclusivo de los derechos de explotaci\u00f3n de los mismos en cualquier forma, y en especial los derechos de reproducci\u00f3n, distribuci\u00f3n, comunicaci\u00f3n p\u00fablica y transformaci\u00f3n .Todo este material est\u00e1 protegido por la legislaci\u00f3n de la propiedad intelectual y su uso indebido puede ser objeto de sanciones, incluso penales.<br \/>\nLa consulta o descarga de contenidos de la p\u00e1gina o de cualquier software no implicar\u00e1 la cesi\u00f3n de ning\u00fan derecho de propiedad intelectual o industrial sobre los mismos.<br \/>\nSe autoriza la visualizaci\u00f3n, impresi\u00f3n y descarga parcial del contenido de la p\u00e1gina Web s\u00f3lo y exclusivamente si concurren las siguientes condiciones:<br \/>\nQue sea compatible con los fines de la p\u00e1gina web.<br \/>\nQue no se realice con fines comerciales o para su distribuci\u00f3n, comunicaci\u00f3n p\u00fablica o transformaci\u00f3n.<br \/>\nQue ninguno de los contenidos de la p\u00e1gina web sea modificado.<br \/>\nQue ning\u00fan gr\u00e1fico, icono o imagen disponible en la web sea utilizado, copiado o distribuido separadamente del texto o del resto de im\u00e1genes que lo acompa\u00f1an.<br \/>\nQue se cite la fuente.<br \/>\nToda la informaci\u00f3n que se reciba en esta p\u00e1gina, tal como comentarios, sugerencias o ideas, se considerar\u00e1 cedida a t\u00edtulo gratuito. No env\u00ede informaci\u00f3n que no pueda ser tratada de esta forma.<\/p>\n<p style=\"text-align: justify;\"><strong>Seguridad.<\/strong><br \/>\nHigar Moda, consciente de los riesgos derivados de enfrentarse a los nuevos retos que supone extender sus servicios a trav\u00e9s de Internet, ha dispuesto de exigentes medidas de seguridad para reducir dichos riesgos.<br \/>\nNo obstante, Higar Moda no puede garantizar la invulnerabilidad absoluta de sus sistemas de seguridad, por lo que excluye cualquier tipo de responsabilidad por da\u00f1os y perjuicios de toda naturaleza que puedan deberse a la presencia de virus u otros elementos que puedan producir alteraciones en el sistema inform\u00e1tico (software y hardware), documentos electr\u00f3nicos y ficheros del usuario o de cualquier tercero, incluyendo los que se produzcan en los servicios prestados por terceros a trav\u00e9s de este portal.<br \/>\nLos usuarios quedan informados de que la utilizaci\u00f3n de los sistemas electr\u00f3nicos de transmisi\u00f3n de datos y el correo electr\u00f3nico no ofrece garant\u00edas absolutas de seguridad. El usuario de la web higarnovias.com se exonera mutuamente de cualquier responsabilidad derivada de hechos como la no recepci\u00f3n o la demora de la misma, el error o intercepci\u00f3n de las comunicaciones.<\/p>\n<p style=\"text-align: justify;\"><strong>Contenidos y p\u00e1ginas enlazadas.<\/strong><br \/>\nLa informaci\u00f3n contenida en esta web, tiene car\u00e1cter meramente informativo; y, en ning\u00fan caso, constituye ning\u00fan tipo obligaci\u00f3n contractual.<br \/>\nLa funci\u00f3n de los links, o enlaces, que aparecen en esta p\u00e1gina es exclusivamente la de informar al usuario sobre la existencia de otras fuentes de informaci\u00f3n sobre la materia en Internet, donde podr\u00e1 ampliar o completar los datos ofrecidos en esta p\u00e1gina. Higar Moda no ser\u00e1 responsable del resultado obtenido a trav\u00e9s de dichos enlaces.<br \/>\nEn todo caso Higar Moda no asume responsabilidad alguna derivada de los contenidos enlazados desde la su p\u00e1gina web, ni garantiza la ausencia de virus u otros elementos en los mismos que puedan producir alteraciones en el sistema inform\u00e1tico (hardware y software), en los documentos o los ficheros del usuario, excluyendo cualquier responsabilidad por los da\u00f1os de cualquier clase causados al usuario por este motivo.<br \/>\nAunque los enlaces son supervisados regularmente para que no suceda, en el caso de que cualquier usuario o un tercero, considerara que el contenido o los servicios prestados por las p\u00e1ginas enlazadas son il\u00edcitos, vulneran valores o principios constitucionales, o lesionan bienes o derechos del propio usuario o de un tercero se ruega que se comunique inmediatamente a Higar Moda a trav\u00e9s del correo electr\u00f3nico info@higarnovias.com dicha circunstancia, y especialmente si los enlaces consisten en:<br \/>\nActividades o contenidos susceptibles de ser considerados delictivos conforme la normativa penal espa\u00f1ola.<br \/>\nActividades o contenidos que violen derechos de propiedad intelectual o industrial.<br \/>\nActividades o contenidos que pongan en peligro el orden p\u00fablico, la investigaci\u00f3n penal, la seguridad p\u00fablica y la defensa nacional.<br \/>\nActividades o contenidos que pongan en peligro la protecci\u00f3n de la salud p\u00fablica, el respeto a la dignidad de la persona, al principio de no discriminaci\u00f3n, la protecci\u00f3n de la salud y la infancia o cualquier otro valor o principio constitucional.<\/p>\n<p style=\"text-align: justify;\"><strong>Protecci\u00f3n de datos personales.<\/strong><br \/>\nLos datos personales vinculados a esta web respetan las exigencias de la legislaci\u00f3n vigente en materia de protecci\u00f3n de datos personales.<br \/>\nHigar Moda tratar\u00e1 los datos de car\u00e1cter personal que se recojan a trav\u00e9s de esta web cumpliendo con la normativa vigente sobre protecci\u00f3n de datos.<\/p>\n<p style=\"text-align: justify;\"><strong>Responsabilidades.<\/strong><br \/>\nHigar Moda no ser\u00e1, en ning\u00fan caso, responsable por los da\u00f1os y perjuicios de cualquier tipo derivados, directa o indirectamente, de la falta de lectura de este aviso, o del incumplimiento de las obligaciones especificadas en las condiciones establecidas en el mismo. Asimismo, de acuerdo con lo expuesto en estas condiciones, Higar Moda excluye cualquier responsabilidad por los da\u00f1os y perjuicios de toda naturaleza que puedan deberse a la transmisi\u00f3n, difusi\u00f3n, almacenamiento, puesta a disposici\u00f3n, recepci\u00f3n, obtenci\u00f3n o acceso a la p\u00e1gina web o sus contenidos.<br \/>\nHigar Moda, por tanto, no se responsabiliza del uso indebido del portal y de sus contenidos y servicios, ni puede garantizar, aunque sea su \u00e1nimo, la certeza de sus contenidos. Igualmente no garantiza la veracidad de los contenidos publicitarios de cualquier bien, producto o servicio anunciado.<br \/>\nEl usuario responder\u00e1 de los da\u00f1os y perjuicios que una actitud negligente suya pudiera ocasionar a este portal.<\/p>\n<p style=\"text-align: justify;\"><strong>Fuero jurisdiccional.<\/strong><br \/>\nHigar Moda y el usuario, con renuncia expresa a cualquier otro fuero, se someten para cualquier controversia que pudiera derivarse del acceso o uso de la Web al de los Juzgados y Tribunales de la ciudad de C\u00f3rdoba.<\/p>\n","protected":false},"excerpt":{"rendered":"<p>Informaci\u00f3n general. Este sitio web (blog.higarnovias.com), es propiedad de la Empresa Higar Moda, S.L., con NIF B-14326490 y domicilio en la Calle Portales, 31, 14120 de Fuente Palmera y correo electr\u00f3nico info@higarnovias.com blog.higarnovias.com es un sitio web cuyo fin es&#8230;<\/p>\n","protected":false},"author":5,"featured_media":0,"parent":0,"menu_order":0,"comment_status":"closed","ping_status":"closed","template":"","meta":[],"_links":{"self":[{"href":"https:\/\/blog.higarnovias.com\/en\/wp-json\/wp\/v2\/pages\/3641"}],"collection":[{"href":"https:\/\/blog.higarnovias.com\/en\/wp-json\/wp\/v2\/pages"}],"about":[{"href":"https:\/\/blog.higarnovias.com\/en\/wp-json\/wp\/v2\/types\/page"}],"author":[{"embeddable":true,"href":"https:\/\/blog.higarnovias.com\/en\/wp-json\/wp\/v2\/users\/5"}],"replies":[{"embeddable":true,"href":"https:\/\/blog.higarnovias.com\/en\/wp-json\/wp\/v2\/comments?post=3641"}],"version-history":[{"count":1,"href":"https:\/\/blog.higarnovias.com\/en\/wp-json\/wp\/v2\/pages\/3641\/revisions"}],"predecessor-version":[{"id":3645,"href":"https:\/\/blog.higarnovias.com\/en\/wp-json\/wp\/v2\/pages\/3641\/revisions\/3645"}],"wp:attachment":[{"href":"https:\/\/blog.higarnovias.com\/en\/wp-json\/wp\/v2\/media?parent=3641"}],"curies":[{"name":"wp","href":"https:\/\/api.w.org\/{rel}","templated":true}]}}