{"id":3640,"date":"2018-07-30T08:56:54","date_gmt":"2018-07-30T06:56:54","guid":{"rendered":"http:\/\/blog.higarnovias.com\/en\/politica-de-privacidad-y-cookies\/"},"modified":"2018-07-30T09:34:15","modified_gmt":"2018-07-30T07:34:15","slug":"privacy-and-cookies-policy-6","status":"publish","type":"page","link":"https:\/\/blog.higarnovias.com\/en\/privacy-and-cookies-policy-6\/","title":{"rendered":"Privacy and cookies policy [es]"},"content":{"rendered":"<p align=\"justify\"><strong>1. Pol\u00edtica de privacidad.<\/strong><\/p>\n<p style=\"text-align: justify;\">La visita a la p\u00e1gina web <a href=\"http:\/\/blog.higarnovias.com\/\">blog.higarnovias.com<\/a> no exige ni requiere la facilitaci\u00f3n de ning\u00fan tipo de dato de car\u00e1cter personal. En el supuesto de que el usuario proporcione alguna informaci\u00f3n de car\u00e1cter personal, los datos recogidos ser\u00e1n utilizados con la finalidad, en la forma y con las limitaciones y derechos que recoge la Ley Org\u00e1nica 15\/1999, de Protecci\u00f3n de Datos de Car\u00e1cter Personal. Los datos facilitados por los usuarios ser\u00e1n incorporados a los ficheros de los que es responsable Higar Moda.<\/p>\n<p style=\"text-align: justify;\">Higar Moda, adoptar\u00e1 todas las Medidas de Seguridad en relaci\u00f3n con los ficheros y los datos tratados en ellos, de acuerdo con lo previsto en la Ley Org\u00e1nica de Protecci\u00f3n de Datos, y normas complementarias.<\/p>\n<p style=\"text-align: justify;\">Los usuarios que faciliten datos de car\u00e1cter personal, consienten inequ\u00edvocamente la incorporaci\u00f3n de sus datos a los ficheros, de los que sea responsable Higar Moda, as\u00ed como el tratamiento informatizado o no de los mismos para que puedan ser utilizados con la finalidad para la cual han sido expresamente recabados. Cualquier otro uso necesitar\u00e1 el consentimiento expreso del afectado.<\/p>\n<p style=\"text-align: justify;\">Los usuarios cuyos datos sean objeto de tratamiento podr\u00e1n ejercitar gratuitamente los derechos de oposici\u00f3n, acceso e informaci\u00f3n, rectificaci\u00f3n, cancelaci\u00f3n de sus datos y revocaci\u00f3n de su autorizaci\u00f3n sin efectos retroactivos dirigiendo comunicaci\u00f3n por escrito a Higar Moda, C\/ Portales, 31; 14120 de Fuente Palmera o info@higarnovias.com.<br \/>\nEn el momento de proceder a la recogida de los datos se indicar\u00e1 el car\u00e1cter voluntario u obligatorio de los datos objeto de recogida. La negativa a proporcionar los datos calificados como obligatorios supondr\u00e1 la no prestaci\u00f3n o la imposibilidad de acceder al servicio para los que eran solicitados.<br \/>\nEn el caso de que los usuarios debieran facilitar su direcci\u00f3n de correo electr\u00f3nico para acceder a algunos de los servicios ofertados podr\u00e1n manifestar que no desean recibir ning\u00fan tipo de comunicaci\u00f3n que Higar Moda pudiese enviar, siempre que no est\u00e9 ligada estrictamente a la finalidad para la que se solicit\u00f3 el servicio. Higar Moda pondr\u00e1 a disposici\u00f3n de los usuarios que se hubiesen inscrito en alg\u00fan tipo de lista de correo dentro de este website los mecanismos adecuados para darse de baja de la misma.<\/p>\n<p style=\"text-align: justify;\">Deber de informaci\u00f3n LSSI<br \/>\nEn cumplimiento con lo previsto en la Ley 34\/2002, de 11 de julio, de Servicios de la Sociedad de la Informaci\u00f3n y Comercio Electr\u00f3nico, se comunican los siguientes datos sobre Higar Moda:<br \/>\nHigar Moda, S.L.<br \/>\nNIF B-14326490<br \/>\nC\/ Portales, 31; 14120 de Fuente Palmera<br \/>\nTel. 957 71 27 80<br \/>\ne-mail: info@higarnovias.com<br \/>\n<a href=\"http:\/\/blog.higarnovias.com\/\">blog.higarnovias.com<\/a><\/p>\n<p align=\"justify\"><strong>2. Pol\u00edtica de uso de Cookies<\/strong><\/p>\n<p style=\"text-align: justify;\">Cookie es un fichero que se descarga en su ordenador al acceder a determinadas p\u00e1ginas web. Las cookies permiten a una p\u00e1gina web, entre otras cosas, almacenar y recuperar informaci\u00f3n sobre los h\u00e1bitos de navegaci\u00f3n de un usuario o de su equipo y, dependiendo de la informaci\u00f3n que contengan y de la forma en que utilice su equipo, pueden utilizarse para reconocer al usuario. El navegador del usuario memoriza cookies en el disco duro solamente durante la sesi\u00f3n actual ocupando un espacio de memoria m\u00ednimo y no perjudicando al ordenador. Las cookies no contienen ninguna clase de informaci\u00f3n personal espec\u00edfica, y la mayor\u00eda de las mismas se borran del disco duro al finalizar la sesi\u00f3n de navegador (las denominadas cookies de sesi\u00f3n).<\/p>\n<p style=\"text-align: justify;\">La mayor\u00eda de los navegadores aceptan como est\u00e1ndar a las cookies y, con independencia de las mismas, permiten o impiden en los ajustes de seguridad las cookies temporales o memorizadas.<\/p>\n<p style=\"text-align: justify;\">Sin su expreso consentimiento \u2013mediante la activaci\u00f3n de las cookies en su navegador\u2013\u00a0<a href=\"http:\/\/blog.higarnovias.com\/\">blog.higarnovias.com<\/a>\u00a0no enlazar\u00e1 en las cookies los datos memorizados con sus datos personales proporcionados en el momento del registro o la compra.<\/p>\n<p style=\"text-align: justify;\"><strong>\u00bfQu\u00e9 tipos de cookies utiliza esta p\u00e1gina web?<\/strong><\/p>\n<p style=\"text-align: justify;\"><strong><u>Cookies estrictamente necesarias<\/u><\/strong><\/p>\n<p style=\"text-align: justify;\">Estas cookies son necesarias para el correcto uso de la p\u00e1gina web, permitiendo el acceso a secciones que cuentan con filtros de seguridad. Sin estas cookies, muchos de los servicios disponibles no estar\u00edan operativos.<\/p>\n<p style=\"text-align: justify;\"><strong><u>Cookies de Navegaci\u00f3n<\/u><\/strong><\/p>\n<p style=\"text-align: justify;\">Estas cookies recogen informaci\u00f3n sobre el uso que las visitas hacen de la web, por ejemplo p\u00e1ginas vistas, errores de carga\u2026 Es informaci\u00f3n gen\u00e9rica y an\u00f3nima, donde no se incluyen datos personales, ni se recoge informaci\u00f3n que identifique a los visitantes; siendo el objetivo \u00faltimo mejorar el funcionamiento de la web. Al visitar nuestra p\u00e1gina web, acepta la instalaci\u00f3n de estas cookies en su dispositivo.<\/p>\n<p style=\"text-align: justify;\"><strong><u>Cookies Funcionales<\/u><\/strong><\/p>\n<p style=\"text-align: justify;\">Estas cookies permiten recordar informaci\u00f3n (como su nombre de usuario, idioma o la regi\u00f3n en la que se encuentra) y caracter\u00edsticas m\u00e1s personales. Por ejemplo, la posibilidad de ofrecer contenido personalizado basado en la informaci\u00f3n y criterios que hayas proporcionado voluntariamente. Estas cookies tambi\u00e9n pueden utilizarse para recordar los cambios realizados en el tama\u00f1o del texto, fuentes y otras partes personalizables de la p\u00e1gina web. Tambi\u00e9n se utilizan para ofrecer algunos servicios solicitados, como ver un video o comentar en un blog. La informaci\u00f3n que recopilan estas cookies puede ser an\u00f3nima y no podr\u00e1 ser seguida su actividad en otras p\u00e1ginas web.<\/p>\n<p style=\"text-align: justify;\"><u>El Usuario acepta expresamente, por la utilizaci\u00f3n de este Site, el tratamiento de la informaci\u00f3n recabada en la forma y con los fines anteriormente mencionados.<\/u>\u00a0Y asimismo reconoce conocer la posibilidad de rechazar el tratamiento de tales datos o informaci\u00f3n rechazando el uso de Cookies mediante la selecci\u00f3n de la configuraci\u00f3n apropiada a tal fin en su navegador. Si bien esta opci\u00f3n de bloqueo de Cookies en su navegador puede no permitirle el uso pleno de todas las funcionalidades del Website.<\/p>\n<p style=\"text-align: justify;\">Puede usted permitir, bloquear o eliminar las cookies instaladas en su equipo mediante la configuraci\u00f3n de las opciones del navegador instalado en su ordenador:<\/p>\n<ul style=\"text-align: justify;\">\n<li><a href=\"https:\/\/support.google.com\/chrome\/answer\/95647?hl=es\" rel=\"nofollow\">Chrome<\/a><\/li>\n<li><a href=\"http:\/\/windows.microsoft.com\/es-es\/windows7\/how-to-manage-cookies-in-internet-explorer-9\" rel=\"nofollow\">Explorer<\/a><\/li>\n<li><a href=\"https:\/\/support.mozilla.org\/es\/kb\/habilitar-y-deshabilitar-cookies-que-los-sitios-we\" rel=\"nofollow\">Firefox<\/a><\/li>\n<li><a href=\"http:\/\/support.apple.com\/kb\/ph5042\" rel=\"nofollow\">Safari<\/a><\/li>\n<li><a href=\"http:\/\/help.opera.com\/Windows\/11.50\/es-ES\/cookies.html\" rel=\"nofollow\">Opera (Windows)<\/a><\/li>\n<li><a href=\"http:\/\/help.opera.com\/Mac\/12.10\/es-LA\/cookies.html\" rel=\"nofollow\">Opera (Mac)<\/a><\/li>\n<\/ul>\n<p style=\"text-align: justify;\" align=\"justify\">Para terminar, tenga en cuenta que el bloqueo de cookies puede afectar a toda o alguna funcionalidad de la web.<\/p>\n","protected":false},"excerpt":{"rendered":"<p>1. Pol\u00edtica de privacidad. La visita a la p\u00e1gina web blog.higarnovias.com no exige ni requiere la facilitaci\u00f3n de ning\u00fan tipo de dato de car\u00e1cter personal. En el supuesto de que el usuario proporcione alguna informaci\u00f3n de car\u00e1cter personal, los datos&#8230;<\/p>\n","protected":false},"author":5,"featured_media":0,"parent":0,"menu_order":0,"comment_status":"closed","ping_status":"closed","template":"","meta":[],"_links":{"self":[{"href":"https:\/\/blog.higarnovias.com\/en\/wp-json\/wp\/v2\/pages\/3640"}],"collection":[{"href":"https:\/\/blog.higarnovias.com\/en\/wp-json\/wp\/v2\/pages"}],"about":[{"href":"https:\/\/blog.higarnovias.com\/en\/wp-json\/wp\/v2\/types\/page"}],"author":[{"embeddable":true,"href":"https:\/\/blog.higarnovias.com\/en\/wp-json\/wp\/v2\/users\/5"}],"replies":[{"embeddable":true,"href":"https:\/\/blog.higarnovias.com\/en\/wp-json\/wp\/v2\/comments?post=3640"}],"version-history":[{"count":3,"href":"https:\/\/blog.higarnovias.com\/en\/wp-json\/wp\/v2\/pages\/3640\/revisions"}],"predecessor-version":[{"id":3644,"href":"https:\/\/blog.higarnovias.com\/en\/wp-json\/wp\/v2\/pages\/3640\/revisions\/3644"}],"wp:attachment":[{"href":"https:\/\/blog.higarnovias.com\/en\/wp-json\/wp\/v2\/media?parent=3640"}],"curies":[{"name":"wp","href":"https:\/\/api.w.org\/{rel}","templated":true}]}}